{"id":201,"date":"2019-10-08T10:28:54","date_gmt":"2019-10-08T08:28:54","guid":{"rendered":"http:\/\/80.12.93.236\/wp_avocatstopfeminicide\/?page_id=201"},"modified":"2021-05-09T12:10:42","modified_gmt":"2021-05-09T10:10:42","slug":"trentaine-davocats-francais","status":"publish","type":"page","link":"http:\/\/avocat-stop-feminicide.org\/?page_id=201","title":{"rendered":"Trentaine d\u2019avocats fran\u00e7ais"},"content":{"rendered":"\n<p>Le Collectif f\u00e9d\u00e8re tous les jours de nouveaux avocats dans toute la France.<\/p>\n\n\n\n<p>Cette liste, mise \u00e0 jour mensuellement, fait notamment \u00e9tat, \u00e0 la cr\u00e9ation du Collectif, des avocats suivant.<\/p>\n\n\n\n<figure class=\"wp-block-table\"><table><tbody><tr><td>&#8211; Odile Madar Cohen<br>&#8211; Emilie Sitbon<br>&#8211; Corinne Khayat<br>&#8211; Carole Cohen<br>&#8211; Lisa Fitoussi<br>&#8211; Gina Maruani<br>&#8211; Martine Baragan<br>&#8211; Laurence Brami<br>&#8211; Fran\u00e7ois Moyen<br>&#8211; Julie Jacob<br>&#8211; Jean-Olivier D\u2019Oria<br>&#8211; V\u00e9ronique Lion<br>&#8211; Nicolas Forlot<\/td><td>&#8211; Etienne Lesage<br>&#8211; Justine Orier<br>&#8211; Wilhelmina Whittingham<br>&#8211; Nathalie Attias<br>&#8211; Delphine Meillet <br>&#8211; Pierre Farge<br>&#8211; Barbara Regen<br>&#8211; Bettina Dorfmann<br>&#8211; Eric Touffait<br>&#8211; Constance d\u2019Hennezel<br>&#8211; Catherine Perelmutter<br>&#8211; Camille CHALMEY<\/td><\/tr><\/tbody><\/table><\/figure>\n\n\n\n<p><\/p>\n","protected":false},"excerpt":{"rendered":"<p>Le Collectif f\u00e9d\u00e8re tous les jours de nouveaux avocats dans toute la France. Cette liste, mise \u00e0 jour mensuellement, fait notamment \u00e9tat, \u00e0 la cr\u00e9ation du Collectif, des avocats suivant. &#8211; Odile Madar Cohen&#8211; Emilie Sitbon&#8211; Corinne Khayat&#8211; Carole Cohen&#8211; Lisa Fitoussi&#8211; Gina Maruani&#8211; Martine Baragan&#8211; Laurence Brami&#8211; Fran\u00e7ois Moyen&#8211; Julie Jacob&#8211; Jean-Olivier D\u2019Oria&#8211; V\u00e9ronique [&hellip;]<\/p>\n","protected":false},"author":4,"featured_media":0,"parent":0,"menu_order":0,"comment_status":"closed","ping_status":"closed","template":"","meta":[],"_links":{"self":[{"href":"http:\/\/avocat-stop-feminicide.org\/index.php?rest_route=\/wp\/v2\/pages\/201"}],"collection":[{"href":"http:\/\/avocat-stop-feminicide.org\/index.php?rest_route=\/wp\/v2\/pages"}],"about":[{"href":"http:\/\/avocat-stop-feminicide.org\/index.php?rest_route=\/wp\/v2\/types\/page"}],"author":[{"embeddable":true,"href":"http:\/\/avocat-stop-feminicide.org\/index.php?rest_route=\/wp\/v2\/users\/4"}],"replies":[{"embeddable":true,"href":"http:\/\/avocat-stop-feminicide.org\/index.php?rest_route=%2Fwp%2Fv2%2Fcomments&post=201"}],"version-history":[{"count":7,"href":"http:\/\/avocat-stop-feminicide.org\/index.php?rest_route=\/wp\/v2\/pages\/201\/revisions"}],"predecessor-version":[{"id":247,"href":"http:\/\/avocat-stop-feminicide.org\/index.php?rest_route=\/wp\/v2\/pages\/201\/revisions\/247"}],"wp:attachment":[{"href":"http:\/\/avocat-stop-feminicide.org\/index.php?rest_route=%2Fwp%2Fv2%2Fmedia&parent=201"}],"curies":[{"name":"wp","href":"https:\/\/api.w.org\/{rel}","templated":true}]}}